{"id":81,"date":"2024-12-26T20:49:43","date_gmt":"2024-12-26T19:49:43","guid":{"rendered":"https:\/\/neu.ficoma.ch\/wordpress\/?page_id=81"},"modified":"2025-01-24T12:22:25","modified_gmt":"2025-01-24T11:22:25","slug":"downloads","status":"publish","type":"page","link":"https:\/\/ficoma.ch\/wordpress\/downloads\/","title":{"rendered":"Downloads"},"content":{"rendered":"\t\t<div data-elementor-type=\"wp-page\" data-elementor-id=\"81\" class=\"elementor elementor-81\" data-elementor-post-type=\"page\">\n\t\t\t\t<div class=\"elementor-element elementor-element-c6c9c6f e-flex e-con-boxed e-con e-parent\" data-id=\"c6c9c6f\" data-element_type=\"container\" data-settings=\"{&quot;background_background&quot;:&quot;classic&quot;}\">\n\t\t\t\t\t<div class=\"e-con-inner\">\n\t\t\t\t\t<\/div>\n\t\t\t\t<\/div>\n\t\t<div class=\"elementor-element elementor-element-dbef88d e-flex e-con-boxed e-con e-parent\" data-id=\"dbef88d\" data-element_type=\"container\" data-settings=\"{&quot;background_background&quot;:&quot;classic&quot;}\">\n\t\t\t\t\t<div class=\"e-con-inner\">\n\t\t\t\t<div class=\"elementor-element elementor-element-61a5c59 elementor-position-left elementor-mobile-position-left elementor-view-default elementor-vertical-align-top elementor-widget elementor-widget-icon-box\" data-id=\"61a5c59\" data-element_type=\"widget\" data-widget_type=\"icon-box.default\">\n\t\t\t\t<div class=\"elementor-widget-container\">\n\t\t\t\t\t\t\t<div class=\"elementor-icon-box-wrapper\">\n\n\t\t\t\t\t\t<div class=\"elementor-icon-box-icon\">\n\t\t\t\t<span  class=\"elementor-icon\">\n\t\t\t\t<svg xmlns=\"http:\/\/www.w3.org\/2000\/svg\" id=\"Ebene_2\" data-name=\"Ebene 2\" viewBox=\"0 0 7.42 24.69\"><defs><style>      .cls-1 {        fill: #be1622;      }    <\/style><\/defs><g id=\"Ebene_1-2\" data-name=\"Ebene 1\"><rect class=\"cls-1\" x=\"2.42\" y=\".01\" width=\"2.59\" height=\"24.67\" transform=\"translate(2.52 -.49) rotate(11.41)\"><\/rect><\/g><\/svg>\t\t\t\t<\/span>\n\t\t\t<\/div>\n\t\t\t\n\t\t\t\t\t\t<div class=\"elementor-icon-box-content\">\n\n\t\t\t\t\t\t\t\t\t<h2 class=\"elementor-icon-box-title\">\n\t\t\t\t\t\t<span  >\n\t\t\t\t\t\t\tUNTERST\u00dcTZENDE UNTERLAGEN\t\t\t\t\t\t<\/span>\n\t\t\t\t\t<\/h2>\n\t\t\t\t\n\t\t\t\t\n\t\t\t<\/div>\n\t\t\t\n\t\t<\/div>\n\t\t\t\t\t\t<\/div>\n\t\t\t\t<\/div>\n\t\t\t\t<div class=\"elementor-element elementor-element-419d39f elementor-widget elementor-widget-text-editor\" data-id=\"419d39f\" data-element_type=\"widget\" data-widget_type=\"text-editor.default\">\n\t\t\t\t<div class=\"elementor-widget-container\">\n\t\t\t\t\t\t\t\t\t<p>Gerne erleichtern wir Ihren Finanzalltag mit Formularen und Wegleitungen. Sie k\u00f6nnen diese kostenlos herunterladen. Falls Sie nach weiteren Unterlagen suchen, fragen Sie doch bei uns nach.<\/p>\t\t\t\t\t\t\t\t<\/div>\n\t\t\t\t<\/div>\n\t\t\t\t<div class=\"elementor-element elementor-element-1f9ef26 elementor-widget elementor-widget-text-editor\" data-id=\"1f9ef26\" data-element_type=\"widget\" data-widget_type=\"text-editor.default\">\n\t\t\t\t<div class=\"elementor-widget-container\">\n\t\t\t\t\t\t\t\t\t<p><a href=\"https:\/\/ficoma.ch\/wordpress\/wp-content\/uploads\/2024\/12\/11LohnA-rechts-dfi.pdf\" target=\"_blank\" rel=\"noopener\">&#8211; Lohnausweis<\/a><br \/><a href=\"https:\/\/ficoma.ch\/wordpress\/wp-content\/uploads\/2024\/12\/Wegleitung_2017.pdf\" target=\"_blank\" rel=\"noopener\">&#8211; Wegleitung Steuererkl\u00e4rung Kanton AR<\/a><br \/><a href=\"https:\/\/ficoma.ch\/wordpress\/wp-content\/uploads\/2024\/12\/Wegleitung_Steuererklaerung_2017.pdf\" target=\"_blank\" rel=\"noopener\">&#8211; Wegleitung Steuererkl\u00e4rung Kanton AI<\/a><br \/><a href=\"https:\/\/ficoma.ch\/wordpress\/wp-content\/uploads\/2024\/12\/Wegleitung-2017-sg.pdf\" target=\"_blank\" rel=\"noopener\">&#8211; Wegleitung Steuererkl\u00e4rung Kanton SG<\/a><\/p>\t\t\t\t\t\t\t\t<\/div>\n\t\t\t\t<\/div>\n\t\t\t\t\t<\/div>\n\t\t\t\t<\/div>\n\t\t\t\t<\/div>\n\t\t","protected":false},"excerpt":{"rendered":"<p>UNTERST\u00dcTZENDE UNTERLAGEN Gerne erleichtern wir Ihren Finanzalltag mit Formularen und Wegleitungen. Sie k\u00f6nnen diese kostenlos herunterladen. Falls Sie nach weiteren Unterlagen suchen, fragen Sie doch bei uns nach. &#8211; Lohnausweis&#8211; Wegleitung Steuererkl\u00e4rung Kanton AR&#8211; Wegleitung Steuererkl\u00e4rung Kanton AI&#8211; Wegleitung Steuererkl\u00e4rung Kanton SG<\/p>\n","protected":false},"author":3,"featured_media":0,"parent":0,"menu_order":0,"comment_status":"closed","ping_status":"closed","template":"","meta":{"footnotes":""},"class_list":["post-81","page","type-page","status-publish","hentry"],"_links":{"self":[{"href":"https:\/\/ficoma.ch\/wordpress\/wp-json\/wp\/v2\/pages\/81","targetHints":{"allow":["GET"]}}],"collection":[{"href":"https:\/\/ficoma.ch\/wordpress\/wp-json\/wp\/v2\/pages"}],"about":[{"href":"https:\/\/ficoma.ch\/wordpress\/wp-json\/wp\/v2\/types\/page"}],"author":[{"embeddable":true,"href":"https:\/\/ficoma.ch\/wordpress\/wp-json\/wp\/v2\/users\/3"}],"replies":[{"embeddable":true,"href":"https:\/\/ficoma.ch\/wordpress\/wp-json\/wp\/v2\/comments?post=81"}],"version-history":[{"count":40,"href":"https:\/\/ficoma.ch\/wordpress\/wp-json\/wp\/v2\/pages\/81\/revisions"}],"predecessor-version":[{"id":545,"href":"https:\/\/ficoma.ch\/wordpress\/wp-json\/wp\/v2\/pages\/81\/revisions\/545"}],"wp:attachment":[{"href":"https:\/\/ficoma.ch\/wordpress\/wp-json\/wp\/v2\/media?parent=81"}],"curies":[{"name":"wp","href":"https:\/\/api.w.org\/{rel}","templated":true}]}}